{"id":1232,"date":"2024-10-11T19:12:56","date_gmt":"2024-10-11T17:12:56","guid":{"rendered":"https:\/\/ssoev.de\/?page_id=1232"},"modified":"2024-10-11T19:13:24","modified_gmt":"2024-10-11T17:13:24","slug":"referenzen","status":"publish","type":"page","link":"https:\/\/ssoev.de\/?page_id=1232","title":{"rendered":"Referenzen"},"content":{"rendered":"\n<p>Unsere Referenzliste zeigt Ihnen, zu welchen Anl\u00e4ssen und Ereignissen das Sachsenwald Sound Orchester sein Publikum begeistern konnte.<\/p>\n\n\n\n<p>Das Orchester konnte sein K\u00f6nnen inzwischen bei verschiedensten Anl\u00e4ssen unter Beweis stellen. Im Sommer 2002 wurde es sogar amtlich, da gewann die Band den ersten Preis beim Landesmusikfest des Musikerverbandes Schleswig-Holstein in Geesthacht.<\/p>\n\n\n\n<h3 class=\"wp-block-heading\">Referenzliste<\/h3>\n\n\n\n<ul class=\"wp-block-list\">\n<li>Automobil- und Zweiradmesse des BfW<\/li>\n\n\n\n<li>Ball der Azubi ConnAction der 5-Sterne Hotels Hamburg<\/li>\n\n\n\n<li>Bahnhofser\u00f6ffnung Aum\u00fchle-Nord<\/li>\n\n\n\n<li>Big Band Jazz im Suhrhof Bergedorf<\/li>\n\n\n\n<li>Big Band Meeting in Geesthacht<\/li>\n\n\n\n<li>Einweihungsfeierlichkeiten der Deutschen Bahn AG<\/li>\n\n\n\n<li>Empfang der Europaunion<\/li>\n\n\n\n<li>Er\u00f6ffnung des Skulpturengartens am Aum\u00fchler Rathaus<\/li>\n\n\n\n<li>Er\u00f6ffnung der Stormarnschau 2012<\/li>\n\n\n\n<li>Feierlichkeiten beim TUS Aum\u00fchle-Wohltorf<\/li>\n\n\n\n<li>Filialer\u00f6ffnungen der Kreissparkasse Herzogtum Lauenburg<\/li>\n\n\n\n<li>Firmenweihnachtsfeier im Reinbeker Schlo\u00df<\/li>\n\n\n\n<li>Intern. Fu\u00dfballturnier in Witzhave<\/li>\n\n\n\n<li>Kreismusikfeste in M\u00f6lln<\/li>\n\n\n\n<li>M\u00f6llner Altstadtfest<\/li>\n\n\n\n<li>Summerjazzfestival Pinneberg<\/li>\n\n\n\n<li>Weihnachtsm\u00e4rkte in Aum\u00fchle, Reinbek und Bergedorf<\/li>\n\n\n\n<li>Weinfest in Schwarzenbek<\/li>\n<\/ul>\n","protected":false},"excerpt":{"rendered":"<p>Unsere Referenzliste zeigt Ihnen, zu welchen Anl\u00e4ssen und Ereignissen das Sachsenwald Sound Orchester sein Publikum begeistern konnte. Das Orchester konnte sein K\u00f6nnen inzwischen bei verschiedensten Anl\u00e4ssen unter Beweis stellen. Im [&hellip;]<\/p>\n","protected":false},"author":1,"featured_media":0,"parent":1225,"menu_order":0,"comment_status":"closed","ping_status":"closed","template":"","meta":{"_uag_custom_page_level_css":"","site-sidebar-layout":"default","site-content-layout":"","ast-site-content-layout":"default","site-content-style":"default","site-sidebar-style":"default","ast-global-header-display":"","ast-banner-title-visibility":"","ast-main-header-display":"","ast-hfb-above-header-display":"","ast-hfb-below-header-display":"","ast-hfb-mobile-header-display":"","site-post-title":"","ast-breadcrumbs-content":"","ast-featured-img":"","footer-sml-layout":"","ast-disable-related-posts":"","theme-transparent-header-meta":"","adv-header-id-meta":"","stick-header-meta":"","header-above-stick-meta":"","header-main-stick-meta":"","header-below-stick-meta":"","astra-migrate-meta-layouts":"default","ast-page-background-enabled":"default","ast-page-background-meta":{"desktop":{"background-color":"var(--ast-global-color-4)","background-image":"","background-repeat":"repeat","background-position":"center center","background-size":"auto","background-attachment":"scroll","background-type":"","background-media":"","overlay-type":"","overlay-color":"","overlay-opacity":"","overlay-gradient":""},"tablet":{"background-color":"","background-image":"","background-repeat":"repeat","background-position":"center center","background-size":"auto","background-attachment":"scroll","background-type":"","background-media":"","overlay-type":"","overlay-color":"","overlay-opacity":"","overlay-gradient":""},"mobile":{"background-color":"","background-image":"","background-repeat":"repeat","background-position":"center center","background-size":"auto","background-attachment":"scroll","background-type":"","background-media":"","overlay-type":"","overlay-color":"","overlay-opacity":"","overlay-gradient":""}},"ast-content-background-meta":{"desktop":{"background-color":"var(--ast-global-color-5)","background-image":"","background-repeat":"repeat","background-position":"center center","background-size":"auto","background-attachment":"scroll","background-type":"","background-media":"","overlay-type":"","overlay-color":"","overlay-opacity":"","overlay-gradient":""},"tablet":{"background-color":"var(--ast-global-color-5)","background-image":"","background-repeat":"repeat","background-position":"center center","background-size":"auto","background-attachment":"scroll","background-type":"","background-media":"","overlay-type":"","overlay-color":"","overlay-opacity":"","overlay-gradient":""},"mobile":{"background-color":"var(--ast-global-color-5)","background-image":"","background-repeat":"repeat","background-position":"center center","background-size":"auto","background-attachment":"scroll","background-type":"","background-media":"","overlay-type":"","overlay-color":"","overlay-opacity":"","overlay-gradient":""}},"footnotes":""},"class_list":["post-1232","page","type-page","status-publish","hentry"],"uagb_featured_image_src":{"full":false,"thumbnail":false,"medium":false,"medium_large":false,"large":false,"1536x1536":false,"2048x2048":false},"uagb_author_info":{"display_name":"admin","author_link":"https:\/\/ssoev.de\/?author=1"},"uagb_comment_info":0,"uagb_excerpt":"Unsere Referenzliste zeigt Ihnen, zu welchen Anl\u00e4ssen und Ereignissen das Sachsenwald Sound Orchester sein Publikum begeistern konnte. Das Orchester konnte sein K\u00f6nnen inzwischen bei verschiedensten Anl\u00e4ssen unter Beweis stellen. Im [&hellip;]","_links":{"self":[{"href":"https:\/\/ssoev.de\/index.php?rest_route=\/wp\/v2\/pages\/1232","targetHints":{"allow":["GET"]}}],"collection":[{"href":"https:\/\/ssoev.de\/index.php?rest_route=\/wp\/v2\/pages"}],"about":[{"href":"https:\/\/ssoev.de\/index.php?rest_route=\/wp\/v2\/types\/page"}],"author":[{"embeddable":true,"href":"https:\/\/ssoev.de\/index.php?rest_route=\/wp\/v2\/users\/1"}],"replies":[{"embeddable":true,"href":"https:\/\/ssoev.de\/index.php?rest_route=%2Fwp%2Fv2%2Fcomments&post=1232"}],"version-history":[{"count":0,"href":"https:\/\/ssoev.de\/index.php?rest_route=\/wp\/v2\/pages\/1232\/revisions"}],"up":[{"embeddable":true,"href":"https:\/\/ssoev.de\/index.php?rest_route=\/wp\/v2\/pages\/1225"}],"wp:attachment":[{"href":"https:\/\/ssoev.de\/index.php?rest_route=%2Fwp%2Fv2%2Fmedia&parent=1232"}],"curies":[{"name":"wp","href":"https:\/\/api.w.org\/{rel}","templated":true}]}}